{"id":10,"date":"2023-07-19T00:30:07","date_gmt":"2023-07-19T00:30:07","guid":{"rendered":"http:\/\/clubcampestretampico.com.mx\/?page_id=10"},"modified":"2023-08-29T00:56:13","modified_gmt":"2023-08-29T00:56:13","slug":"acerca-de","status":"publish","type":"page","link":"https:\/\/clubcampestretampico.com.mx\/index.php\/acerca-de\/","title":{"rendered":"Acerca de"},"content":{"rendered":"\n<p><strong>Nuestros inicios<\/strong><\/p>\n\n\n\n<p class=\"justificado\">En el mes de junio de 1914, durante la ocupaci\u00f3n de Veracruz por parte de la armada estadounidense, el novelista Jack London lleg\u00f3 a Tampico. Fascinado por las compa\u00f1\u00edas petroleras y la actividad extranjera en la explotaci\u00f3n de pozos petroleros, London escribi\u00f3 sobre la transformaci\u00f3n del puerto. Para 1915, con el auge de la perforaci\u00f3n de pozos, surgi\u00f3 la necesidad de una comunidad social entre los expatriados, lo que llev\u00f3 a la formaci\u00f3n del Tampico Country Club.<\/p>\n\n\n\n<p class=\"justificado\">En 1915, altos empleados de las principales compa\u00f1\u00edas petroleras se unieron para establecer el Tampico Country Club, con la intenci\u00f3n de crear un espacio de intereses comunes y un campo de golf. Esta idea ten\u00eda ra\u00edces similares a las de otros clubes en Estados Unidos y Europa. El deporte del golf, con su enfoque en la socializaci\u00f3n, tambi\u00e9n se prestaba para la realizaci\u00f3n de importantes negocios.<\/p>\n\n\n\n<p class=\"justificado\">En sus primeros a\u00f1os, el Tampico Country Club comparti\u00f3 instalaciones con el Colonial Club, pero su independencia se hizo evidente con el tiempo. Las esposas e hijas de los miembros se integraron en el Woman&#8217;s Club, lo que fortaleci\u00f3 los lazos entre las organizaciones.<\/p>\n\n\n\n<p class=\"justificado\">El primer campo de golf, con nueve hoyos, se acondicion\u00f3 en los terrenos del Woman&#8217;s Club en la colonia Campbell. Sin embargo, en 1921 se intensificaron los esfuerzos para establecer un campo y casa club m\u00e1s grandes. Las dificultades financieras, exacerbadas por la ca\u00edda de la industria petrolera, retrasaron el proyecto, pero la pasi\u00f3n por el golf persisti\u00f3.<\/p>\n\n\n\n<p class=\"justificado\">El auge petrolero de la d\u00e9cada de 1920 dio un nuevo impulso a la comunidad y sus aspiraciones. En 1925, se revitaliz\u00f3 el sue\u00f1o de construir un campo de golf y una casa club. Se estableci\u00f3 una inversi\u00f3n de 250 mil pesos para el proyecto, que inclu\u00eda comodidades como alberca, cancha de tenis y espacio para juegos infantiles.<\/p>\n\n\n\n<p class=\"justificado\">Durante estos a\u00f1os dif\u00edciles, la pr\u00e1ctica del golf continu\u00f3 en el Tampico Country Club y otros lugares, como el Club Los Mangos, que tambi\u00e9n construy\u00f3 su propio campo de golf en 1922.<\/p>\n\n\n\n<p class=\"justificado\">Tampico Country Club naci\u00f3 de la necesidad de una comunidad social entre los expatriados petroleros en Tampico. A pesar de los desaf\u00edos econ\u00f3micos, la pasi\u00f3n por el golf y la determinaci\u00f3n de construir un campo de golf y una casa club prosperaron, dando lugar a un legado duradero en la historia del club y de la ciudad.<\/p>\n","protected":false},"excerpt":{"rendered":"<p>Nuestros inicios En el mes de junio de 1914, durante la ocupaci\u00f3n de Veracruz por parte de la armada estadounidense, el novelista Jack London lleg\u00f3 a Tampico. Fascinado por las compa\u00f1\u00edas petroleras y la actividad extranjera en la explotaci\u00f3n de pozos petroleros, London escribi\u00f3 sobre la transformaci\u00f3n del puerto. Para 1915, con el auge de &hellip; <\/p>\n<p class=\"link-more\"><a href=\"https:\/\/clubcampestretampico.com.mx\/index.php\/acerca-de\/\" class=\"more-link\">Continuar leyendo<span class=\"screen-reader-text\"> \u00abAcerca de\u00bb<\/span><\/a><\/p>\n","protected":false},"author":1,"featured_media":544,"parent":0,"menu_order":0,"comment_status":"closed","ping_status":"closed","template":"","meta":{"_uag_custom_page_level_css":"","footnotes":""},"class_list":["post-10","page","type-page","status-publish","has-post-thumbnail","hentry"],"uagb_featured_image_src":{"full":["https:\/\/clubcampestretampico.com.mx\/wp-content\/uploads\/2023\/08\/004_About.jpg",2000,1200,false],"thumbnail":["https:\/\/clubcampestretampico.com.mx\/wp-content\/uploads\/2023\/08\/004_About-150x150.jpg",150,150,true],"medium":["https:\/\/clubcampestretampico.com.mx\/wp-content\/uploads\/2023\/08\/004_About-300x180.jpg",300,180,true],"medium_large":["https:\/\/clubcampestretampico.com.mx\/wp-content\/uploads\/2023\/08\/004_About-768x461.jpg",525,315,true],"large":["https:\/\/clubcampestretampico.com.mx\/wp-content\/uploads\/2023\/08\/004_About-1024x614.jpg",525,315,true],"1536x1536":["https:\/\/clubcampestretampico.com.mx\/wp-content\/uploads\/2023\/08\/004_About-1536x922.jpg",1536,922,true],"2048x2048":["https:\/\/clubcampestretampico.com.mx\/wp-content\/uploads\/2023\/08\/004_About.jpg",2000,1200,false],"twentyseventeen-featured-image":["https:\/\/clubcampestretampico.com.mx\/wp-content\/uploads\/2023\/08\/004_About.jpg",2000,1200,false],"twentyseventeen-thumbnail-avatar":["https:\/\/clubcampestretampico.com.mx\/wp-content\/uploads\/2023\/08\/004_About-100x100.jpg",100,100,true]},"uagb_author_info":{"display_name":"admin","author_link":"https:\/\/clubcampestretampico.com.mx\/index.php\/author\/ctc\/"},"uagb_comment_info":0,"uagb_excerpt":"Nuestros inicios En el mes de junio de 1914, durante la ocupaci\u00f3n de Veracruz por parte de la armada estadounidense, el novelista Jack London lleg\u00f3 a Tampico. Fascinado por las compa\u00f1\u00edas petroleras y la actividad extranjera en la explotaci\u00f3n de pozos petroleros, London escribi\u00f3 sobre la transformaci\u00f3n del puerto. Para 1915, con el auge de&hellip;","_links":{"self":[{"href":"https:\/\/clubcampestretampico.com.mx\/index.php\/wp-json\/wp\/v2\/pages\/10","targetHints":{"allow":["GET"]}}],"collection":[{"href":"https:\/\/clubcampestretampico.com.mx\/index.php\/wp-json\/wp\/v2\/pages"}],"about":[{"href":"https:\/\/clubcampestretampico.com.mx\/index.php\/wp-json\/wp\/v2\/types\/page"}],"author":[{"embeddable":true,"href":"https:\/\/clubcampestretampico.com.mx\/index.php\/wp-json\/wp\/v2\/users\/1"}],"replies":[{"embeddable":true,"href":"https:\/\/clubcampestretampico.com.mx\/index.php\/wp-json\/wp\/v2\/comments?post=10"}],"version-history":[{"count":4,"href":"https:\/\/clubcampestretampico.com.mx\/index.php\/wp-json\/wp\/v2\/pages\/10\/revisions"}],"predecessor-version":[{"id":592,"href":"https:\/\/clubcampestretampico.com.mx\/index.php\/wp-json\/wp\/v2\/pages\/10\/revisions\/592"}],"wp:featuredmedia":[{"embeddable":true,"href":"https:\/\/clubcampestretampico.com.mx\/index.php\/wp-json\/wp\/v2\/media\/544"}],"wp:attachment":[{"href":"https:\/\/clubcampestretampico.com.mx\/index.php\/wp-json\/wp\/v2\/media?parent=10"}],"curies":[{"name":"wp","href":"https:\/\/api.w.org\/{rel}","templated":true}]}}