{"id":38,"date":"2023-07-19T01:56:09","date_gmt":"2023-07-19T01:56:09","guid":{"rendered":"http:\/\/clubcampestretampico.com.mx\/?page_id=38"},"modified":"2024-07-17T00:32:23","modified_gmt":"2024-07-17T00:32:23","slug":"otra-seccion","status":"publish","type":"page","link":"https:\/\/clubcampestretampico.com.mx\/index.php\/lifestyle\/otra-seccion\/","title":{"rendered":"Eventos"},"content":{"rendered":"\n<div class=\"wp-block-columns is-layout-flex wp-container-core-columns-is-layout-9d6595d7 wp-block-columns-is-layout-flex\">\n<div class=\"wp-block-column is-layout-flow wp-block-column-is-layout-flow\">\n<figure class=\"wp-block-image size-large\"><img loading=\"lazy\" decoding=\"async\" width=\"1024\" height=\"1024\" src=\"https:\/\/clubcampestretampico.com.mx\/wp-content\/uploads\/2024\/07\/003_Lifestyle_Eventos_CampamentoVerano24-1-1024x1024.jpg\" alt=\"\" class=\"wp-image-732\" srcset=\"https:\/\/clubcampestretampico.com.mx\/wp-content\/uploads\/2024\/07\/003_Lifestyle_Eventos_CampamentoVerano24-1-1024x1024.jpg 1024w, https:\/\/clubcampestretampico.com.mx\/wp-content\/uploads\/2024\/07\/003_Lifestyle_Eventos_CampamentoVerano24-1-300x300.jpg 300w, https:\/\/clubcampestretampico.com.mx\/wp-content\/uploads\/2024\/07\/003_Lifestyle_Eventos_CampamentoVerano24-1-150x150.jpg 150w, https:\/\/clubcampestretampico.com.mx\/wp-content\/uploads\/2024\/07\/003_Lifestyle_Eventos_CampamentoVerano24-1-768x768.jpg 768w, https:\/\/clubcampestretampico.com.mx\/wp-content\/uploads\/2024\/07\/003_Lifestyle_Eventos_CampamentoVerano24-1-100x100.jpg 100w, https:\/\/clubcampestretampico.com.mx\/wp-content\/uploads\/2024\/07\/003_Lifestyle_Eventos_CampamentoVerano24-1.jpg 1204w\" sizes=\"auto, (max-width: 767px) 89vw, (max-width: 1000px) 54vw, (max-width: 1071px) 543px, 580px\" \/><\/figure>\n<\/div>\n\n\n\n<div class=\"wp-block-column is-layout-flow wp-block-column-is-layout-flow\">\n<h2 class=\"wp-block-heading\">Campamento de Verano Club Campestre Tampico 2024<\/h2>\n\n\n\n<p>Pr\u00f3ximamente.<\/p>\n\n\n\n<figure class=\"wp-block-table is-style-stripes margin: 5px has-small-font-size\"><table><thead><tr><th class=\"has-text-align-left\" data-align=\"left\"><mark style=\"background-color:rgba(0, 0, 0, 0);color:#0c5426\" class=\"has-inline-color\"><strong>Caracter\u00edsticas:<\/strong><\/mark><\/th><th class=\"has-text-align-left\" data-align=\"left\"><\/th><\/tr><\/thead><tbody><tr><td class=\"has-text-align-left\" data-align=\"left\">Fechas:<\/td><td class=\"has-text-align-left\" data-align=\"left\">08 de julio al 02 de agosto<\/td><\/tr><tr><td class=\"has-text-align-left\" data-align=\"left\">Costo:<\/td><td class=\"has-text-align-left\" data-align=\"left\">Socios: $1,200<\/td><\/tr><tr><td class=\"has-text-align-left\" data-align=\"left\"><\/td><td class=\"has-text-align-left\" data-align=\"left\">Invitados: $1,700<\/td><\/tr><tr><td class=\"has-text-align-left\" data-align=\"left\">Promo:<\/td><td class=\"has-text-align-left\" data-align=\"left\">Descuento especial por grupos<\/td><\/tr><tr><td class=\"has-text-align-left\" data-align=\"left\">Informes:<\/td><td class=\"has-text-align-left\" data-align=\"left\"><strong>833 229 0880 Ext. 813<\/strong><\/td><\/tr><\/tbody><\/table><figcaption class=\"wp-element-caption\">Informaci\u00f3n sujeta a cambios de \u00faltimo momento.<\/figcaption><\/figure>\n<\/div>\n<\/div>\n\n\n\n<hr class=\"wp-block-separator has-alpha-channel-opacity\"\/>\n\n\n\n<div class=\"wp-block-columns is-layout-flex wp-container-core-columns-is-layout-9d6595d7 wp-block-columns-is-layout-flex\">\n<div class=\"wp-block-column is-layout-flow wp-block-column-is-layout-flow\">\n<figure class=\"wp-block-image size-large\"><img loading=\"lazy\" decoding=\"async\" width=\"1024\" height=\"1024\" src=\"http:\/\/clubcampestretampico.com.mx\/wp-content\/uploads\/2023\/07\/003_Lifestyle_Torneo\u2013Independencia-1024x1024.jpg\" alt=\"\" class=\"wp-image-124\" srcset=\"https:\/\/clubcampestretampico.com.mx\/wp-content\/uploads\/2023\/07\/003_Lifestyle_Torneo\u2013Independencia-1024x1024.jpg 1024w, https:\/\/clubcampestretampico.com.mx\/wp-content\/uploads\/2023\/07\/003_Lifestyle_Torneo\u2013Independencia-300x300.jpg 300w, https:\/\/clubcampestretampico.com.mx\/wp-content\/uploads\/2023\/07\/003_Lifestyle_Torneo\u2013Independencia-150x150.jpg 150w, https:\/\/clubcampestretampico.com.mx\/wp-content\/uploads\/2023\/07\/003_Lifestyle_Torneo\u2013Independencia-768x768.jpg 768w, https:\/\/clubcampestretampico.com.mx\/wp-content\/uploads\/2023\/07\/003_Lifestyle_Torneo\u2013Independencia-100x100.jpg 100w, https:\/\/clubcampestretampico.com.mx\/wp-content\/uploads\/2023\/07\/003_Lifestyle_Torneo\u2013Independencia.jpg 1204w\" sizes=\"auto, (max-width: 767px) 89vw, (max-width: 1000px) 54vw, (max-width: 1071px) 543px, 580px\" \/><\/figure>\n<\/div>\n\n\n\n<div class=\"wp-block-column is-layout-flow wp-block-column-is-layout-flow\">\n<h2 class=\"wp-block-heading\">Torneo de Golf &#8216;Independencia&#8217; 2024<\/h2>\n\n\n\n<p>Pr\u00f3ximamente.<\/p>\n\n\n\n<figure class=\"wp-block-table is-style-stripes margin: 5px has-small-font-size\"><table><thead><tr><th class=\"has-text-align-left\" data-align=\"left\"><mark style=\"background-color:rgba(0, 0, 0, 0);color:#0c5426\" class=\"has-inline-color\"><strong>Caracter\u00edsticas:<\/strong><\/mark><\/th><th class=\"has-text-align-left\" data-align=\"left\"><\/th><\/tr><\/thead><tbody><tr><td class=\"has-text-align-left\" data-align=\"left\">Fechas:<\/td><td class=\"has-text-align-left\" data-align=\"left\">Pr\u00f3ximamente<\/td><\/tr><tr><td class=\"has-text-align-left\" data-align=\"left\">Costo:<\/td><td class=\"has-text-align-left\" data-align=\"left\">Pr\u00f3ximamente<\/td><\/tr><tr><td class=\"has-text-align-left\" data-align=\"left\"><\/td><td class=\"has-text-align-left\" data-align=\"left\"><\/td><\/tr><tr><td class=\"has-text-align-left\" data-align=\"left\">Categor\u00edas:<\/td><td class=\"has-text-align-left\" data-align=\"left\">Pr\u00f3ximamente<\/td><\/tr><tr><td class=\"has-text-align-left\" data-align=\"left\">Informes:<\/td><td class=\"has-text-align-left\" data-align=\"left\"><strong>833 229 0873<\/strong><\/td><\/tr><\/tbody><\/table><figcaption class=\"wp-element-caption\">Informaci\u00f3n sujeta a cambios de \u00faltimo momento.<\/figcaption><\/figure>\n<\/div>\n<\/div>\n","protected":false},"excerpt":{"rendered":"<p>Campamento de Verano Club Campestre Tampico 2024 Pr\u00f3ximamente. Caracter\u00edsticas: Fechas: 08 de julio al 02 de agosto Costo: Socios: $1,200 Invitados: $1,700 Promo: Descuento especial por grupos Informes: 833 229 0880 Ext. 813 Informaci\u00f3n sujeta a cambios de \u00faltimo momento. Torneo de Golf &#8216;Independencia&#8217; 2024 Pr\u00f3ximamente. Caracter\u00edsticas: Fechas: Pr\u00f3ximamente Costo: Pr\u00f3ximamente Categor\u00edas: Pr\u00f3ximamente Informes: 833 &hellip; <\/p>\n<p class=\"link-more\"><a href=\"https:\/\/clubcampestretampico.com.mx\/index.php\/lifestyle\/otra-seccion\/\" class=\"more-link\">Continuar leyendo<span class=\"screen-reader-text\"> \u00abEventos\u00bb<\/span><\/a><\/p>\n","protected":false},"author":1,"featured_media":737,"parent":62,"menu_order":0,"comment_status":"closed","ping_status":"closed","template":"","meta":{"_uag_custom_page_level_css":"","footnotes":""},"class_list":["post-38","page","type-page","status-publish","has-post-thumbnail","hentry"],"uagb_featured_image_src":{"full":["https:\/\/clubcampestretampico.com.mx\/wp-content\/uploads\/2024\/07\/003_Lifestyle2024.jpg",2000,1200,false],"thumbnail":["https:\/\/clubcampestretampico.com.mx\/wp-content\/uploads\/2024\/07\/003_Lifestyle2024-150x150.jpg",150,150,true],"medium":["https:\/\/clubcampestretampico.com.mx\/wp-content\/uploads\/2024\/07\/003_Lifestyle2024-300x180.jpg",300,180,true],"medium_large":["https:\/\/clubcampestretampico.com.mx\/wp-content\/uploads\/2024\/07\/003_Lifestyle2024-768x461.jpg",525,315,true],"large":["https:\/\/clubcampestretampico.com.mx\/wp-content\/uploads\/2024\/07\/003_Lifestyle2024-1024x614.jpg",525,315,true],"1536x1536":["https:\/\/clubcampestretampico.com.mx\/wp-content\/uploads\/2024\/07\/003_Lifestyle2024-1536x922.jpg",1536,922,true],"2048x2048":["https:\/\/clubcampestretampico.com.mx\/wp-content\/uploads\/2024\/07\/003_Lifestyle2024.jpg",2000,1200,false],"twentyseventeen-featured-image":["https:\/\/clubcampestretampico.com.mx\/wp-content\/uploads\/2024\/07\/003_Lifestyle2024.jpg",2000,1200,false],"twentyseventeen-thumbnail-avatar":["https:\/\/clubcampestretampico.com.mx\/wp-content\/uploads\/2024\/07\/003_Lifestyle2024-100x100.jpg",100,100,true]},"uagb_author_info":{"display_name":"admin","author_link":"https:\/\/clubcampestretampico.com.mx\/index.php\/author\/ctc\/"},"uagb_comment_info":0,"uagb_excerpt":"Campamento de Verano Club Campestre Tampico 2024 Pr\u00f3ximamente. Caracter\u00edsticas: Fechas: 08 de julio al 02 de agosto Costo: Socios: $1,200 Invitados: $1,700 Promo: Descuento especial por grupos Informes: 833 229 0880 Ext. 813 Informaci\u00f3n sujeta a cambios de \u00faltimo momento. Torneo de Golf &#8216;Independencia&#8217; 2024 Pr\u00f3ximamente. Caracter\u00edsticas: Fechas: Pr\u00f3ximamente Costo: Pr\u00f3ximamente Categor\u00edas: Pr\u00f3ximamente Informes: 833&hellip;","_links":{"self":[{"href":"https:\/\/clubcampestretampico.com.mx\/index.php\/wp-json\/wp\/v2\/pages\/38","targetHints":{"allow":["GET"]}}],"collection":[{"href":"https:\/\/clubcampestretampico.com.mx\/index.php\/wp-json\/wp\/v2\/pages"}],"about":[{"href":"https:\/\/clubcampestretampico.com.mx\/index.php\/wp-json\/wp\/v2\/types\/page"}],"author":[{"embeddable":true,"href":"https:\/\/clubcampestretampico.com.mx\/index.php\/wp-json\/wp\/v2\/users\/1"}],"replies":[{"embeddable":true,"href":"https:\/\/clubcampestretampico.com.mx\/index.php\/wp-json\/wp\/v2\/comments?post=38"}],"version-history":[{"count":17,"href":"https:\/\/clubcampestretampico.com.mx\/index.php\/wp-json\/wp\/v2\/pages\/38\/revisions"}],"predecessor-version":[{"id":736,"href":"https:\/\/clubcampestretampico.com.mx\/index.php\/wp-json\/wp\/v2\/pages\/38\/revisions\/736"}],"up":[{"embeddable":true,"href":"https:\/\/clubcampestretampico.com.mx\/index.php\/wp-json\/wp\/v2\/pages\/62"}],"wp:featuredmedia":[{"embeddable":true,"href":"https:\/\/clubcampestretampico.com.mx\/index.php\/wp-json\/wp\/v2\/media\/737"}],"wp:attachment":[{"href":"https:\/\/clubcampestretampico.com.mx\/index.php\/wp-json\/wp\/v2\/media?parent=38"}],"curies":[{"name":"wp","href":"https:\/\/api.w.org\/{rel}","templated":true}]}}