{"id":52,"date":"2023-07-19T21:51:36","date_gmt":"2023-07-19T21:51:36","guid":{"rendered":"http:\/\/clubcampestretampico.com.mx\/?page_id=52"},"modified":"2023-08-30T22:29:30","modified_gmt":"2023-08-30T22:29:30","slug":"gastronomia","status":"publish","type":"page","link":"https:\/\/clubcampestretampico.com.mx\/index.php\/gastronomia\/","title":{"rendered":"Gastronom\u00eda"},"content":{"rendered":"\n<div class=\"wp-block-columns is-layout-flex wp-container-core-columns-is-layout-9d6595d7 wp-block-columns-is-layout-flex\">\n<div class=\"wp-block-column is-layout-flow wp-block-column-is-layout-flow\" style=\"flex-basis:66.66%\">\n<h1 class=\"wp-block-heading has-text-color\" style=\"color:#0c5426\">Sal\u00f3n: Los Tules<\/h1>\n\n\n\n<figure class=\"wp-block-image size-large\"><img loading=\"lazy\" decoding=\"async\" width=\"1024\" height=\"614\" src=\"http:\/\/clubcampestretampico.com.mx\/wp-content\/uploads\/2023\/08\/002_Gastronomia_Tules01-1024x614.jpg\" alt=\"\" class=\"wp-image-342\" srcset=\"https:\/\/clubcampestretampico.com.mx\/wp-content\/uploads\/2023\/08\/002_Gastronomia_Tules01-1024x614.jpg 1024w, https:\/\/clubcampestretampico.com.mx\/wp-content\/uploads\/2023\/08\/002_Gastronomia_Tules01-300x180.jpg 300w, https:\/\/clubcampestretampico.com.mx\/wp-content\/uploads\/2023\/08\/002_Gastronomia_Tules01-768x461.jpg 768w, https:\/\/clubcampestretampico.com.mx\/wp-content\/uploads\/2023\/08\/002_Gastronomia_Tules01-1536x922.jpg 1536w, https:\/\/clubcampestretampico.com.mx\/wp-content\/uploads\/2023\/08\/002_Gastronomia_Tules01.jpg 2000w\" sizes=\"auto, (max-width: 767px) 89vw, (max-width: 1000px) 54vw, (max-width: 1071px) 543px, 580px\" \/><\/figure>\n\n\n\n<p class=\"has-text-color has-small-font-size\" style=\"color:#0c5426\"><strong>Promociones<\/strong>:<\/p>\n\n\n\n<p>\u00abCumplea\u00f1ero no paga en su mes de festejo\u00bb<\/p>\n<\/div>\n\n\n\n<div class=\"wp-block-column is-layout-flow wp-block-column-is-layout-flow\" style=\"flex-basis:33.33%\">\n<div style=\"height:30px\" aria-hidden=\"true\" class=\"wp-block-spacer\"><\/div>\n\n\n\n<figure class=\"wp-block-table is-style-stripes has-small-font-size\"><table><thead><tr><th><mark style=\"background-color:rgba(0, 0, 0, 0);color:#0c5426\" class=\"has-inline-color\"><strong>Caracter\u00edsticas:<\/strong><\/mark><\/th><th><\/th><\/tr><\/thead><tbody><tr><td><strong>Cap.:<\/strong><\/td><td>112 personas<\/td><\/tr><tr><td><strong>Horario:<\/strong><\/td><td>Martes, mi\u00e9rcoles y jueves: 8 a 23h<\/td><\/tr><tr><td><\/td><td>Viernes y s\u00e1bado: 7 a 24h<\/td><\/tr><tr><td><\/td><td>Domingo: 7 a 18h<\/td><\/tr><tr><td><strong>Tipo de comida:<\/strong><\/td><td>Desayunos, comidas y buffet<\/td><\/tr><\/tbody><\/table><\/figure>\n\n\n\n<div class=\"wp-block-buttons is-layout-flex wp-block-buttons-is-layout-flex\">\n<div class=\"wp-block-button has-custom-width wp-block-button__width-100 has-custom-font-size is-style-outline has-small-font-size is-style-outline--1\"><a class=\"wp-block-button__link has-text-align-center wp-element-button\" href=\"http:\/\/clubcampestretampico.com.mx\/Menu_ClubCampestreTampico.pdf\" target=\"_blank\" rel=\"noreferrer noopener\">Descargar men\u00fa<\/a><\/div>\n<\/div>\n<\/div>\n<\/div>\n\n\n\n<!--more-->\n\n\n\n<hr class=\"wp-block-separator has-alpha-channel-opacity\"\/>\n\n\n\n<div class=\"wp-block-columns is-layout-flex wp-container-core-columns-is-layout-9d6595d7 wp-block-columns-is-layout-flex\">\n<div class=\"wp-block-column is-layout-flow wp-block-column-is-layout-flow\" style=\"flex-basis:66.66%\">\n<h1 class=\"wp-block-heading has-text-color\" style=\"color:#0c5426\">Gran Sal\u00f3n<\/h1>\n\n\n\n<figure class=\"wp-block-image size-large\"><img loading=\"lazy\" decoding=\"async\" width=\"1024\" height=\"614\" src=\"http:\/\/clubcampestretampico.com.mx\/wp-content\/uploads\/2023\/08\/002_Gastronomia_GranSalon-1024x614.jpg\" alt=\"\" class=\"wp-image-348\" srcset=\"https:\/\/clubcampestretampico.com.mx\/wp-content\/uploads\/2023\/08\/002_Gastronomia_GranSalon-1024x614.jpg 1024w, https:\/\/clubcampestretampico.com.mx\/wp-content\/uploads\/2023\/08\/002_Gastronomia_GranSalon-300x180.jpg 300w, https:\/\/clubcampestretampico.com.mx\/wp-content\/uploads\/2023\/08\/002_Gastronomia_GranSalon-768x461.jpg 768w, https:\/\/clubcampestretampico.com.mx\/wp-content\/uploads\/2023\/08\/002_Gastronomia_GranSalon-1536x922.jpg 1536w, https:\/\/clubcampestretampico.com.mx\/wp-content\/uploads\/2023\/08\/002_Gastronomia_GranSalon.jpg 2000w\" sizes=\"auto, (max-width: 767px) 89vw, (max-width: 1000px) 54vw, (max-width: 1071px) 543px, 580px\" \/><\/figure>\n<\/div>\n\n\n\n<div class=\"wp-block-column is-layout-flow wp-block-column-is-layout-flow\" style=\"flex-basis:33.33%\">\n<div style=\"height:30px\" aria-hidden=\"true\" class=\"wp-block-spacer\"><\/div>\n\n\n\n<figure class=\"wp-block-table is-style-stripes has-small-font-size\"><table><thead><tr><th><mark style=\"background-color:rgba(0, 0, 0, 0);color:#0c5426\" class=\"has-inline-color\"><strong>Caracter\u00edsticas:<\/strong><\/mark><\/th><th><\/th><\/tr><\/thead><tbody><tr><td><strong>Cap.:<\/strong><\/td><td>150 personas<\/td><\/tr><tr><td><strong>Horario:<\/strong><\/td><td>Martes, mi\u00e9rcoles y jueves: 8 a 23h<\/td><\/tr><tr><td><\/td><td>Viernes y s\u00e1bado: 7 a 24h<\/td><\/tr><tr><td><\/td><td>Domingo: 7 a 18h<\/td><\/tr><tr><td><strong>Tipo de comida:<\/strong><\/td><td>Desayunos, comidas y buffet<\/td><\/tr><\/tbody><\/table><\/figure>\n\n\n\n<div class=\"wp-block-buttons is-layout-flex wp-block-buttons-is-layout-flex\">\n<div class=\"wp-block-button has-custom-width wp-block-button__width-100 has-custom-font-size is-style-outline has-small-font-size is-style-outline--2\"><a class=\"wp-block-button__link has-text-align-center wp-element-button\" href=\"http:\/\/clubcampestretampico.com.mx\/Menu_ClubCampestreTampico.pdf\" target=\"_blank\" rel=\"noreferrer noopener\">Descargar men\u00fa<\/a><\/div>\n<\/div>\n<\/div>\n<\/div>\n\n\n\n<hr class=\"wp-block-separator has-alpha-channel-opacity\"\/>\n\n\n\n<div class=\"wp-block-columns is-layout-flex wp-container-core-columns-is-layout-9d6595d7 wp-block-columns-is-layout-flex\">\n<div class=\"wp-block-column is-layout-flow wp-block-column-is-layout-flow\" style=\"flex-basis:66.66%\">\n<h1 class=\"wp-block-heading has-text-color\" style=\"color:#0c5426\">Sal\u00f3n Damas<\/h1>\n\n\n\n<figure class=\"wp-block-image size-large\"><img loading=\"lazy\" decoding=\"async\" width=\"1024\" height=\"614\" src=\"http:\/\/clubcampestretampico.com.mx\/wp-content\/uploads\/2023\/08\/002_Gastronomia_SalonDamas-1024x614.jpg\" alt=\"\" class=\"wp-image-347\" srcset=\"https:\/\/clubcampestretampico.com.mx\/wp-content\/uploads\/2023\/08\/002_Gastronomia_SalonDamas-1024x614.jpg 1024w, https:\/\/clubcampestretampico.com.mx\/wp-content\/uploads\/2023\/08\/002_Gastronomia_SalonDamas-300x180.jpg 300w, https:\/\/clubcampestretampico.com.mx\/wp-content\/uploads\/2023\/08\/002_Gastronomia_SalonDamas-768x461.jpg 768w, https:\/\/clubcampestretampico.com.mx\/wp-content\/uploads\/2023\/08\/002_Gastronomia_SalonDamas-1536x922.jpg 1536w, https:\/\/clubcampestretampico.com.mx\/wp-content\/uploads\/2023\/08\/002_Gastronomia_SalonDamas.jpg 2000w\" sizes=\"auto, (max-width: 767px) 89vw, (max-width: 1000px) 54vw, (max-width: 1071px) 543px, 580px\" \/><\/figure>\n<\/div>\n\n\n\n<div class=\"wp-block-column is-layout-flow wp-block-column-is-layout-flow\" style=\"flex-basis:33.33%\">\n<div style=\"height:30px\" aria-hidden=\"true\" class=\"wp-block-spacer\"><\/div>\n\n\n\n<figure class=\"wp-block-table is-style-stripes has-small-font-size\"><table><thead><tr><th><mark style=\"background-color:rgba(0, 0, 0, 0);color:#0c5426\" class=\"has-inline-color\"><strong>Caracter\u00edsticas:<\/strong><\/mark><\/th><th><\/th><\/tr><\/thead><tbody><tr><td><strong>Cap.:<\/strong><\/td><td>50 personas<\/td><\/tr><tr><td><strong>Horario:<\/strong><\/td><td>Martes, mi\u00e9rcoles y jueves: 8 a 23h<\/td><\/tr><tr><td><\/td><td>Viernes y s\u00e1bado: 7 a 24h<\/td><\/tr><tr><td><\/td><td>Domingo: 7 a 18h<\/td><\/tr><tr><td><strong>Tipo de comida:<\/strong><\/td><td>Desayunos, comidas y buffet<\/td><\/tr><\/tbody><\/table><\/figure>\n\n\n\n<div class=\"wp-block-buttons is-layout-flex wp-block-buttons-is-layout-flex\">\n<div class=\"wp-block-button has-custom-width wp-block-button__width-100 has-custom-font-size is-style-outline has-small-font-size is-style-outline--3\"><a class=\"wp-block-button__link has-text-align-center wp-element-button\" href=\"http:\/\/clubcampestretampico.com.mx\/Menu_ClubCampestreTampico.pdf\" target=\"_blank\" rel=\"noreferrer noopener\">Descargar men\u00fa<\/a><\/div>\n<\/div>\n<\/div>\n<\/div>\n\n\n\n<hr class=\"wp-block-separator has-alpha-channel-opacity\"\/>\n\n\n\n<div class=\"wp-block-columns is-layout-flex wp-container-core-columns-is-layout-9d6595d7 wp-block-columns-is-layout-flex\">\n<div class=\"wp-block-column is-layout-flow wp-block-column-is-layout-flow\" style=\"flex-basis:66.66%\">\n<h1 class=\"wp-block-heading has-text-color\" style=\"color:#0c5426\">Bar 1915<\/h1>\n\n\n\n<figure class=\"wp-block-image size-large\"><img loading=\"lazy\" decoding=\"async\" width=\"1024\" height=\"614\" src=\"http:\/\/clubcampestretampico.com.mx\/wp-content\/uploads\/2023\/08\/002_Gastronomia_Bar1915-1024x614.jpg\" alt=\"\" class=\"wp-image-343\" srcset=\"https:\/\/clubcampestretampico.com.mx\/wp-content\/uploads\/2023\/08\/002_Gastronomia_Bar1915-1024x614.jpg 1024w, https:\/\/clubcampestretampico.com.mx\/wp-content\/uploads\/2023\/08\/002_Gastronomia_Bar1915-300x180.jpg 300w, https:\/\/clubcampestretampico.com.mx\/wp-content\/uploads\/2023\/08\/002_Gastronomia_Bar1915-768x461.jpg 768w, https:\/\/clubcampestretampico.com.mx\/wp-content\/uploads\/2023\/08\/002_Gastronomia_Bar1915-1536x922.jpg 1536w, https:\/\/clubcampestretampico.com.mx\/wp-content\/uploads\/2023\/08\/002_Gastronomia_Bar1915.jpg 2000w\" sizes=\"auto, (max-width: 767px) 89vw, (max-width: 1000px) 54vw, (max-width: 1071px) 543px, 580px\" \/><\/figure>\n<\/div>\n\n\n\n<div class=\"wp-block-column is-layout-flow wp-block-column-is-layout-flow\" style=\"flex-basis:33.33%\">\n<div style=\"height:30px\" aria-hidden=\"true\" class=\"wp-block-spacer\"><\/div>\n\n\n\n<figure class=\"wp-block-table is-style-stripes has-small-font-size\"><table><thead><tr><th><mark style=\"background-color:rgba(0, 0, 0, 0);color:#0c5426\" class=\"has-inline-color\"><strong>Caracter\u00edsticas:<\/strong><\/mark><\/th><th><\/th><\/tr><\/thead><tbody><tr><td><strong>Cap.:<\/strong><\/td><td>180 personas<\/td><\/tr><tr><td><strong>Horario:<\/strong><\/td><td>Lunes, martes y mi\u00e9rcoles: Cerrado<\/td><\/tr><tr><td><\/td><td>Jueves: 14 a 23h<\/td><\/tr><tr><td><\/td><td>Viernes y s\u00e1bado: 14 a 2h<\/td><\/tr><tr><td><\/td><td>Domingo: 13 a 18h<\/td><\/tr><tr><td><strong>Tipo de comida:<\/strong><\/td><td>Botanas y comidas<\/td><\/tr><\/tbody><\/table><\/figure>\n\n\n\n<p class=\"has-text-color has-small-font-size\" style=\"color:#0c5426\"><strong>Promociones<\/strong>:<\/p>\n\n\n\n<p>\u00abCumplea\u00f1ero no paga en su mes de festejo\u00bb<\/p>\n\n\n\n<div class=\"wp-block-buttons is-layout-flex wp-block-buttons-is-layout-flex\">\n<div class=\"wp-block-button has-custom-width wp-block-button__width-100 has-custom-font-size is-style-outline has-small-font-size is-style-outline--4\"><a class=\"wp-block-button__link has-text-align-center wp-element-button\" href=\"http:\/\/clubcampestretampico.com.mx\/Menu_ClubCampestreTampico.pdf\" target=\"_blank\" rel=\"noreferrer noopener\">Descargar men\u00fa<\/a><\/div>\n<\/div>\n<\/div>\n<\/div>\n\n\n\n<hr class=\"wp-block-separator has-alpha-channel-opacity\"\/>\n\n\n\n<div class=\"wp-block-columns is-layout-flex wp-container-core-columns-is-layout-9d6595d7 wp-block-columns-is-layout-flex\">\n<div class=\"wp-block-column is-layout-flow wp-block-column-is-layout-flow\" style=\"flex-basis:66.66%\">\n<h1 class=\"wp-block-heading has-text-color\" style=\"color:#0c5426\">La P\u00e9rgola<\/h1>\n\n\n\n<figure class=\"wp-block-image size-large\"><img loading=\"lazy\" decoding=\"async\" width=\"1024\" height=\"614\" src=\"http:\/\/clubcampestretampico.com.mx\/wp-content\/uploads\/2023\/08\/002_Gastronomia_Pergola-1024x614.jpg\" alt=\"\" class=\"wp-image-344\" srcset=\"https:\/\/clubcampestretampico.com.mx\/wp-content\/uploads\/2023\/08\/002_Gastronomia_Pergola-1024x614.jpg 1024w, https:\/\/clubcampestretampico.com.mx\/wp-content\/uploads\/2023\/08\/002_Gastronomia_Pergola-300x180.jpg 300w, https:\/\/clubcampestretampico.com.mx\/wp-content\/uploads\/2023\/08\/002_Gastronomia_Pergola-768x461.jpg 768w, https:\/\/clubcampestretampico.com.mx\/wp-content\/uploads\/2023\/08\/002_Gastronomia_Pergola-1536x922.jpg 1536w, https:\/\/clubcampestretampico.com.mx\/wp-content\/uploads\/2023\/08\/002_Gastronomia_Pergola.jpg 2000w\" sizes=\"auto, (max-width: 767px) 89vw, (max-width: 1000px) 54vw, (max-width: 1071px) 543px, 580px\" \/><\/figure>\n<\/div>\n\n\n\n<div class=\"wp-block-column is-layout-flow wp-block-column-is-layout-flow\" style=\"flex-basis:33.33%\">\n<div style=\"height:30px\" aria-hidden=\"true\" class=\"wp-block-spacer\"><\/div>\n\n\n\n<figure class=\"wp-block-table is-style-stripes has-small-font-size\"><table><thead><tr><th><mark style=\"background-color:rgba(0, 0, 0, 0);color:#0c5426\" class=\"has-inline-color\"><strong>Caracter\u00edsticas:<\/strong><\/mark><\/th><th><\/th><\/tr><\/thead><tbody><tr><td><strong>Cap.:<\/strong><\/td><td>50 personas<\/td><\/tr><tr><td><strong>Horario:<\/strong><\/td><td>Lunes: 10 a 18h<\/td><\/tr><tr><td><\/td><td>Martes, mi\u00e9rcoles y jueves: 8 a 21h<\/td><\/tr><tr><td><\/td><td>Viernes y s\u00e1bado: 7 a 21h<\/td><\/tr><tr><td><\/td><td>Domingo: 7 a 18h<\/td><\/tr><tr><td><strong>Tipo de comida:<\/strong><\/td><td>Corrida y desayunos<\/td><\/tr><\/tbody><\/table><\/figure>\n\n\n\n<div class=\"wp-block-buttons is-layout-flex wp-block-buttons-is-layout-flex\">\n<div class=\"wp-block-button has-custom-width wp-block-button__width-100 has-custom-font-size is-style-outline has-small-font-size is-style-outline--5\"><a class=\"wp-block-button__link has-text-align-center wp-element-button\" href=\"http:\/\/clubcampestretampico.com.mx\/Menu_ClubCampestreTampico.pdf\" target=\"_blank\" rel=\"noreferrer noopener\">Descargar men\u00fa<\/a><\/div>\n<\/div>\n<\/div>\n<\/div>\n\n\n\n<hr class=\"wp-block-separator has-alpha-channel-opacity\"\/>\n\n\n\n<div class=\"wp-block-columns is-layout-flex wp-container-core-columns-is-layout-9d6595d7 wp-block-columns-is-layout-flex\">\n<div class=\"wp-block-column is-layout-flow wp-block-column-is-layout-flow\" style=\"flex-basis:66.66%\">\n<h1 class=\"wp-block-heading has-text-color\" style=\"color:#0c5426\">Bar: La Cueva<\/h1>\n\n\n\n<figure class=\"wp-block-image size-large\"><img loading=\"lazy\" decoding=\"async\" width=\"1024\" height=\"614\" src=\"http:\/\/clubcampestretampico.com.mx\/wp-content\/uploads\/2023\/08\/002_Gastronomia_BarLaCueva-1024x614.jpg\" alt=\"\" class=\"wp-image-346\" srcset=\"https:\/\/clubcampestretampico.com.mx\/wp-content\/uploads\/2023\/08\/002_Gastronomia_BarLaCueva-1024x614.jpg 1024w, https:\/\/clubcampestretampico.com.mx\/wp-content\/uploads\/2023\/08\/002_Gastronomia_BarLaCueva-300x180.jpg 300w, https:\/\/clubcampestretampico.com.mx\/wp-content\/uploads\/2023\/08\/002_Gastronomia_BarLaCueva-768x461.jpg 768w, https:\/\/clubcampestretampico.com.mx\/wp-content\/uploads\/2023\/08\/002_Gastronomia_BarLaCueva-1536x922.jpg 1536w, https:\/\/clubcampestretampico.com.mx\/wp-content\/uploads\/2023\/08\/002_Gastronomia_BarLaCueva.jpg 2000w\" sizes=\"auto, (max-width: 767px) 89vw, (max-width: 1000px) 54vw, (max-width: 1071px) 543px, 580px\" \/><\/figure>\n<\/div>\n\n\n\n<div class=\"wp-block-column is-layout-flow wp-block-column-is-layout-flow\" style=\"flex-basis:33.33%\">\n<div style=\"height:30px\" aria-hidden=\"true\" class=\"wp-block-spacer\"><\/div>\n\n\n\n<figure class=\"wp-block-table is-style-stripes has-small-font-size\"><table><thead><tr><th><mark style=\"background-color:rgba(0, 0, 0, 0);color:#0c5426\" class=\"has-inline-color\"><strong>Caracter\u00edsticas:<\/strong><\/mark><\/th><th><\/th><\/tr><\/thead><tbody><tr><td><strong>Cap.:<\/strong><\/td><td>75 personas<\/td><\/tr><tr><td><strong>Horario:<\/strong><\/td><td>Lunes a viernes: 10 a 22h<\/td><\/tr><tr><td><\/td><td>S\u00e1bado: 7 a 23h<\/td><\/tr><tr><td><\/td><td>Domingo: 7 a 18h<\/td><\/tr><tr><td><strong>Tipo de comida:<\/strong><\/td><td>Desayunos y comida<\/td><\/tr><\/tbody><\/table><\/figure>\n\n\n\n<div class=\"wp-block-buttons is-layout-flex wp-block-buttons-is-layout-flex\">\n<div class=\"wp-block-button has-custom-width wp-block-button__width-100 has-custom-font-size is-style-outline has-small-font-size is-style-outline--6\"><a class=\"wp-block-button__link has-text-align-center wp-element-button\" href=\"http:\/\/clubcampestretampico.com.mx\/Menu_ClubCampestreTampico.pdf\" target=\"_blank\" rel=\"noreferrer noopener\">Descargar men\u00fa<\/a><\/div>\n<\/div>\n<\/div>\n<\/div>\n\n\n\n<div class=\"wp-block-columns is-layout-flex wp-container-core-columns-is-layout-9d6595d7 wp-block-columns-is-layout-flex\">\n<div class=\"wp-block-column is-layout-flow wp-block-column-is-layout-flow\" style=\"flex-basis:66.66%\">\n<h1 class=\"wp-block-heading has-text-color\" style=\"color:#0c5426\">Palapa Vista Bella<\/h1>\n\n\n\n<figure class=\"wp-block-image size-large\"><img loading=\"lazy\" decoding=\"async\" width=\"1024\" height=\"614\" src=\"http:\/\/clubcampestretampico.com.mx\/wp-content\/uploads\/2023\/08\/002_Gastronomia_PalapaVistaBella-1024x614.jpg\" alt=\"\" class=\"wp-image-345\" srcset=\"https:\/\/clubcampestretampico.com.mx\/wp-content\/uploads\/2023\/08\/002_Gastronomia_PalapaVistaBella-1024x614.jpg 1024w, https:\/\/clubcampestretampico.com.mx\/wp-content\/uploads\/2023\/08\/002_Gastronomia_PalapaVistaBella-300x180.jpg 300w, https:\/\/clubcampestretampico.com.mx\/wp-content\/uploads\/2023\/08\/002_Gastronomia_PalapaVistaBella-768x461.jpg 768w, https:\/\/clubcampestretampico.com.mx\/wp-content\/uploads\/2023\/08\/002_Gastronomia_PalapaVistaBella-1536x922.jpg 1536w, https:\/\/clubcampestretampico.com.mx\/wp-content\/uploads\/2023\/08\/002_Gastronomia_PalapaVistaBella.jpg 2000w\" sizes=\"auto, (max-width: 767px) 89vw, (max-width: 1000px) 54vw, (max-width: 1071px) 543px, 580px\" \/><\/figure>\n<\/div>\n\n\n\n<div class=\"wp-block-column is-layout-flow wp-block-column-is-layout-flow\" style=\"flex-basis:33.33%\">\n<div style=\"height:30px\" aria-hidden=\"true\" class=\"wp-block-spacer\"><\/div>\n\n\n\n<figure class=\"wp-block-table is-style-stripes has-small-font-size\"><table><thead><tr><th><mark style=\"background-color:rgba(0, 0, 0, 0);color:#0c5426\" class=\"has-inline-color\"><strong>Caracter\u00edsticas:<\/strong><\/mark><\/th><th><\/th><\/tr><\/thead><tbody><tr><td><strong>Cap.:<\/strong><\/td><td>55 personas<\/td><\/tr><tr><td><strong>Horario:<\/strong><\/td><td>Martes a s\u00e1bado: 12 a 20h<\/td><\/tr><tr><td><\/td><td>Domingo y lunes: 10 a 18h<\/td><\/tr><tr><td><strong>Tipo de comida:<\/strong><\/td><td>Desayunos y comida<\/td><\/tr><\/tbody><\/table><\/figure>\n\n\n\n<div class=\"wp-block-buttons is-layout-flex wp-block-buttons-is-layout-flex\">\n<div class=\"wp-block-button has-custom-width wp-block-button__width-100 has-custom-font-size is-style-outline has-small-font-size is-style-outline--7\"><a class=\"wp-block-button__link has-text-align-center wp-element-button\" href=\"http:\/\/clubcampestretampico.com.mx\/Menu_ClubCampestreTampico.pdf\" target=\"_blank\" rel=\"noreferrer noopener\">Descargar men\u00fa<\/a><\/div>\n<\/div>\n<\/div>\n<\/div>\n","protected":false},"excerpt":{"rendered":"<p>Sal\u00f3n: Los Tules Promociones: \u00abCumplea\u00f1ero no paga en su mes de festejo\u00bb Caracter\u00edsticas: Cap.: 112 personas Horario: Martes, mi\u00e9rcoles y jueves: 8 a 23h Viernes y s\u00e1bado: 7 a 24h Domingo: 7 a 18h Tipo de comida: Desayunos, comidas y buffet<\/p>\n","protected":false},"author":1,"featured_media":76,"parent":0,"menu_order":0,"comment_status":"closed","ping_status":"closed","template":"","meta":{"_uag_custom_page_level_css":"","footnotes":""},"class_list":["post-52","page","type-page","status-publish","has-post-thumbnail","hentry"],"uagb_featured_image_src":{"full":["https:\/\/clubcampestretampico.com.mx\/wp-content\/uploads\/2023\/07\/002_Gastronomia.jpg",2000,1200,false],"thumbnail":["https:\/\/clubcampestretampico.com.mx\/wp-content\/uploads\/2023\/07\/002_Gastronomia-150x150.jpg",150,150,true],"medium":["https:\/\/clubcampestretampico.com.mx\/wp-content\/uploads\/2023\/07\/002_Gastronomia-300x180.jpg",300,180,true],"medium_large":["https:\/\/clubcampestretampico.com.mx\/wp-content\/uploads\/2023\/07\/002_Gastronomia-768x461.jpg",525,315,true],"large":["https:\/\/clubcampestretampico.com.mx\/wp-content\/uploads\/2023\/07\/002_Gastronomia-1024x614.jpg",525,315,true],"1536x1536":["https:\/\/clubcampestretampico.com.mx\/wp-content\/uploads\/2023\/07\/002_Gastronomia-1536x922.jpg",1536,922,true],"2048x2048":["https:\/\/clubcampestretampico.com.mx\/wp-content\/uploads\/2023\/07\/002_Gastronomia.jpg",2000,1200,false],"twentyseventeen-featured-image":["https:\/\/clubcampestretampico.com.mx\/wp-content\/uploads\/2023\/07\/002_Gastronomia.jpg",2000,1200,false],"twentyseventeen-thumbnail-avatar":["https:\/\/clubcampestretampico.com.mx\/wp-content\/uploads\/2023\/07\/002_Gastronomia-100x100.jpg",100,100,true]},"uagb_author_info":{"display_name":"admin","author_link":"https:\/\/clubcampestretampico.com.mx\/index.php\/author\/ctc\/"},"uagb_comment_info":0,"uagb_excerpt":"Sal\u00f3n: Los Tules Promociones: \u00abCumplea\u00f1ero no paga en su mes de festejo\u00bb Caracter\u00edsticas: Cap.: 112 personas Horario: Martes, mi\u00e9rcoles y jueves: 8 a 23h Viernes y s\u00e1bado: 7 a 24h Domingo: 7 a 18h Tipo de comida: Desayunos, comidas y buffet","_links":{"self":[{"href":"https:\/\/clubcampestretampico.com.mx\/index.php\/wp-json\/wp\/v2\/pages\/52","targetHints":{"allow":["GET"]}}],"collection":[{"href":"https:\/\/clubcampestretampico.com.mx\/index.php\/wp-json\/wp\/v2\/pages"}],"about":[{"href":"https:\/\/clubcampestretampico.com.mx\/index.php\/wp-json\/wp\/v2\/types\/page"}],"author":[{"embeddable":true,"href":"https:\/\/clubcampestretampico.com.mx\/index.php\/wp-json\/wp\/v2\/users\/1"}],"replies":[{"embeddable":true,"href":"https:\/\/clubcampestretampico.com.mx\/index.php\/wp-json\/wp\/v2\/comments?post=52"}],"version-history":[{"count":72,"href":"https:\/\/clubcampestretampico.com.mx\/index.php\/wp-json\/wp\/v2\/pages\/52\/revisions"}],"predecessor-version":[{"id":629,"href":"https:\/\/clubcampestretampico.com.mx\/index.php\/wp-json\/wp\/v2\/pages\/52\/revisions\/629"}],"wp:featuredmedia":[{"embeddable":true,"href":"https:\/\/clubcampestretampico.com.mx\/index.php\/wp-json\/wp\/v2\/media\/76"}],"wp:attachment":[{"href":"https:\/\/clubcampestretampico.com.mx\/index.php\/wp-json\/wp\/v2\/media?parent=52"}],"curies":[{"name":"wp","href":"https:\/\/api.w.org\/{rel}","templated":true}]}}