{"id":56,"date":"2023-07-19T21:52:12","date_gmt":"2023-07-19T21:52:12","guid":{"rendered":"http:\/\/clubcampestretampico.com.mx\/?page_id=56"},"modified":"2023-08-29T23:32:06","modified_gmt":"2023-08-29T23:32:06","slug":"instalaciones","status":"publish","type":"page","link":"https:\/\/clubcampestretampico.com.mx\/index.php\/instalaciones\/","title":{"rendered":"Instalaciones"},"content":{"rendered":"\n<div class=\"wp-block-columns is-layout-flex wp-container-core-columns-is-layout-9d6595d7 wp-block-columns-is-layout-flex\">\n<div class=\"wp-block-column is-layout-flow wp-block-column-is-layout-flow\" style=\"flex-basis:66.66%\">\n<h1 class=\"wp-block-heading\">Gimnasio<\/h1>\n\n\n\n<figure class=\"wp-block-image size-large\"><img loading=\"lazy\" decoding=\"async\" width=\"1024\" height=\"1024\" src=\"http:\/\/clubcampestretampico.com.mx\/wp-content\/uploads\/2023\/08\/003_Instalaciones_Gimnasio-1024x1024.jpg\" alt=\"\" class=\"wp-image-540\" srcset=\"https:\/\/clubcampestretampico.com.mx\/wp-content\/uploads\/2023\/08\/003_Instalaciones_Gimnasio-1024x1024.jpg 1024w, https:\/\/clubcampestretampico.com.mx\/wp-content\/uploads\/2023\/08\/003_Instalaciones_Gimnasio-300x300.jpg 300w, https:\/\/clubcampestretampico.com.mx\/wp-content\/uploads\/2023\/08\/003_Instalaciones_Gimnasio-150x150.jpg 150w, https:\/\/clubcampestretampico.com.mx\/wp-content\/uploads\/2023\/08\/003_Instalaciones_Gimnasio-768x768.jpg 768w, https:\/\/clubcampestretampico.com.mx\/wp-content\/uploads\/2023\/08\/003_Instalaciones_Gimnasio-100x100.jpg 100w, https:\/\/clubcampestretampico.com.mx\/wp-content\/uploads\/2023\/08\/003_Instalaciones_Gimnasio.jpg 1204w\" sizes=\"auto, (max-width: 767px) 89vw, (max-width: 1000px) 54vw, (max-width: 1071px) 543px, 580px\" \/><\/figure>\n<\/div>\n\n\n\n<div class=\"wp-block-column is-layout-flow wp-block-column-is-layout-flow\" style=\"flex-basis:33.33%\">\n<p class=\"justificado\">Eleve su rutina de fitness al siguiente nivel en el gym del club. Este espacio est\u00e1 dise\u00f1ado para transformar sus objetivos de salud en realidades. Nuestro gimnasio cuenta con, entrenadores expertos y un ambiente motivador que les impulsar\u00e1 a superar sus l\u00edmites. \u00a1Venga por una vida m\u00e1s saludable y activa!\u00bb<\/p>\n\n\n\n<figure class=\"wp-block-table is-style-stripes has-small-font-size\"><table><thead><tr><th><mark style=\"background-color:rgba(0, 0, 0, 0);color:#0c5426\" class=\"has-inline-color\"><strong>+ Informaci\u00f3n:<\/strong><\/mark><\/th><th class=\"has-text-align-center\" data-align=\"center\"><\/th><\/tr><\/thead><tbody><tr><td>Lunes a viernes<\/td><td class=\"has-text-align-center\" data-align=\"center\">6 a 22h<\/td><\/tr><tr><td>S\u00e1bado<\/td><td class=\"has-text-align-center\" data-align=\"center\">6 a 19h<\/td><\/tr><tr><td>Domingo<\/td><td class=\"has-text-align-center\" data-align=\"center\">6 a 17h<\/td><\/tr><tr><td>Contacto:<\/td><td class=\"has-text-align-center\" data-align=\"center\">\n<a href=\"mailto:\" target=\"_blank\" rel=\"noreferrer noopener\"><i class=\"fa-solid fa-envelope fa-lg\"><\/i><\/a><\/td><\/tr><\/tbody><\/table><\/figure>\n\n\n\n<div class=\"wp-block-buttons is-horizontal is-content-justification-left is-layout-flex wp-container-core-buttons-is-layout-7e5fce0a wp-block-buttons-is-layout-flex\">\n<div class=\"wp-block-button has-custom-width wp-block-button__width-100 has-custom-font-size is-style-outline has-small-font-size is-style-outline--1\"><a class=\"wp-block-button__link has-text-align-center wp-element-button\" href=\"http:\/\/clubcampestretampico.com.mx\/wp-content\/uploads\/2023\/08\/Horarios_Vertical_Deportivos.jpg\" target=\"_blank\" rel=\"noreferrer noopener\">Descargar horarios<\/a><\/div>\n<\/div>\n<\/div>\n<\/div>\n\n\n\n<!--more Ver todas las instalaciones \u2192-->\n\n\n\n<div class=\"wp-block-columns is-layout-flex wp-container-core-columns-is-layout-9d6595d7 wp-block-columns-is-layout-flex\">\n<div class=\"wp-block-column is-layout-flow wp-block-column-is-layout-flow\" style=\"flex-basis:66.66%\">\n<h1 class=\"wp-block-heading\">Pr\u00e1ctica de golf<\/h1>\n\n\n\n<figure class=\"wp-block-image size-large\"><img loading=\"lazy\" decoding=\"async\" width=\"1024\" height=\"1024\" src=\"http:\/\/clubcampestretampico.com.mx\/wp-content\/uploads\/2023\/07\/003_Instalaciones_Golf-1-1024x1024.jpg\" alt=\"\" class=\"wp-image-257\" srcset=\"https:\/\/clubcampestretampico.com.mx\/wp-content\/uploads\/2023\/07\/003_Instalaciones_Golf-1-1024x1024.jpg 1024w, https:\/\/clubcampestretampico.com.mx\/wp-content\/uploads\/2023\/07\/003_Instalaciones_Golf-1-300x300.jpg 300w, https:\/\/clubcampestretampico.com.mx\/wp-content\/uploads\/2023\/07\/003_Instalaciones_Golf-1-150x150.jpg 150w, https:\/\/clubcampestretampico.com.mx\/wp-content\/uploads\/2023\/07\/003_Instalaciones_Golf-1-768x768.jpg 768w, https:\/\/clubcampestretampico.com.mx\/wp-content\/uploads\/2023\/07\/003_Instalaciones_Golf-1-100x100.jpg 100w, https:\/\/clubcampestretampico.com.mx\/wp-content\/uploads\/2023\/07\/003_Instalaciones_Golf-1.jpg 1204w\" sizes=\"auto, (max-width: 767px) 89vw, (max-width: 1000px) 54vw, (max-width: 1071px) 543px, 580px\" \/><\/figure>\n<\/div>\n\n\n\n<div class=\"wp-block-column is-layout-flow wp-block-column-is-layout-flow\" style=\"flex-basis:33.33%\">\n<p class=\"justificado\">Explore cada rinc\u00f3n de nuestro campo, donde la destreza se encuentra con la belleza natural en cada swing. En cada espacio seguro encontrar\u00e1 un nuevo reto. Prep\u00e1rese para una jornada emocionante de pr\u00e1ctica y superaci\u00f3n en nuestro renombrado campo de golf. \u00a1Venga y descubra la magia que solo nuestro campo de 18 hoyos le puede ofrecer!\u00bb<\/p>\n\n\n\n<figure class=\"wp-block-table is-style-stripes has-small-font-size\"><table><thead><tr><th><mark style=\"background-color:rgba(0, 0, 0, 0);color:#0c5426\" class=\"has-inline-color\"><strong>+ Informaci\u00f3n:<\/strong><\/mark><\/th><th><\/th><\/tr><\/thead><tbody><tr><td>Lunes a s\u00e1bados<\/td><td>6 a 19:30h<\/td><\/tr><tr><td>Domingo<\/td><td>6 a 14h<\/td><\/tr><tr><td>Contacto:<\/td><td><strong>833 229 0873<\/strong><\/td><\/tr><\/tbody><\/table><\/figure>\n\n\n\n<div class=\"wp-block-buttons is-layout-flex wp-block-buttons-is-layout-flex\">\n<div class=\"wp-block-button has-custom-width wp-block-button__width-100 has-custom-font-size is-style-outline has-small-font-size is-style-outline--2\"><a class=\"wp-block-button__link has-text-align-center wp-element-button\" href=\"http:\/\/clubcampestretampico.com.mx\/wp-content\/uploads\/2023\/08\/Horarios_Vertical_Deportivos.jpg\" target=\"_blank\" rel=\"noreferrer noopener\">Descargar horarios<\/a><\/div>\n<\/div>\n<\/div>\n<\/div>\n\n\n\n<div class=\"wp-block-columns is-layout-flex wp-container-core-columns-is-layout-9d6595d7 wp-block-columns-is-layout-flex\">\n<div class=\"wp-block-column is-layout-flow wp-block-column-is-layout-flow\" style=\"flex-basis:66.66%\">\n<h1 class=\"wp-block-heading\">Starter<\/h1>\n\n\n\n<figure class=\"wp-block-image size-large\"><img loading=\"lazy\" decoding=\"async\" width=\"1024\" height=\"1024\" src=\"http:\/\/clubcampestretampico.com.mx\/wp-content\/uploads\/2023\/07\/003_Instalaciones_Starter-1-1024x1024.jpg\" alt=\"\" class=\"wp-image-258\" srcset=\"https:\/\/clubcampestretampico.com.mx\/wp-content\/uploads\/2023\/07\/003_Instalaciones_Starter-1-1024x1024.jpg 1024w, https:\/\/clubcampestretampico.com.mx\/wp-content\/uploads\/2023\/07\/003_Instalaciones_Starter-1-300x300.jpg 300w, https:\/\/clubcampestretampico.com.mx\/wp-content\/uploads\/2023\/07\/003_Instalaciones_Starter-1-150x150.jpg 150w, https:\/\/clubcampestretampico.com.mx\/wp-content\/uploads\/2023\/07\/003_Instalaciones_Starter-1-768x768.jpg 768w, https:\/\/clubcampestretampico.com.mx\/wp-content\/uploads\/2023\/07\/003_Instalaciones_Starter-1-100x100.jpg 100w, https:\/\/clubcampestretampico.com.mx\/wp-content\/uploads\/2023\/07\/003_Instalaciones_Starter-1.jpg 1204w\" sizes=\"auto, (max-width: 767px) 89vw, (max-width: 1000px) 54vw, (max-width: 1071px) 543px, 580px\" \/><\/figure>\n<\/div>\n\n\n\n<div class=\"wp-block-column is-layout-flow wp-block-column-is-layout-flow\" style=\"flex-basis:33.33%\">\n<p class=\"justificado\">Descubra la emoci\u00f3n de perfeccionar su golpe inicial en nuestro starter de golf. Ya sea que est\u00e9n dando sus primeros pasos en el mundo del golf o busquen afinar su t\u00e9cnica, nuestro equipo de profesionales estar\u00e1 a su disposici\u00f3n para brindarles la orientaci\u00f3n que necesitan. <\/p>\n\n\n\n<figure class=\"wp-block-table is-style-stripes has-small-font-size\"><table><thead><tr><th><mark style=\"background-color:rgba(0, 0, 0, 0);color:#0c5426\" class=\"has-inline-color\"><strong>+ Informaci\u00f3n:<\/strong><\/mark><\/th><th class=\"has-text-align-center\" data-align=\"center\"><\/th><\/tr><\/thead><tbody><tr><td>Lunes a s\u00e1bado<\/td><td class=\"has-text-align-center\" data-align=\"center\">7 a 16h<\/td><\/tr><tr><td>Domingo<\/td><td class=\"has-text-align-center\" data-align=\"center\">7 a 12h<\/td><\/tr><tr><td>Contacto:<\/td><td class=\"has-text-align-center\" data-align=\"center\">\n<a href=\"mailto:\" target=\"_blank\" rel=\"noreferrer noopener\"><i class=\"fa-solid fa-envelope fa-lg\"><\/i><\/a><\/td><\/tr><\/tbody><\/table><\/figure>\n\n\n\n<div class=\"wp-block-buttons is-layout-flex wp-block-buttons-is-layout-flex\">\n<div class=\"wp-block-button has-custom-width wp-block-button__width-100 has-custom-font-size is-style-outline has-small-font-size is-style-outline--3\"><a class=\"wp-block-button__link has-text-align-center wp-element-button\" href=\"http:\/\/clubcampestretampico.com.mx\/wp-content\/uploads\/2023\/08\/Horarios_Vertical_Deportivos.jpg\" target=\"_blank\" rel=\"noreferrer noopener\">Descargar horarios<\/a><\/div>\n<\/div>\n<\/div>\n<\/div>\n\n\n\n<div class=\"wp-block-columns is-layout-flex wp-container-core-columns-is-layout-9d6595d7 wp-block-columns-is-layout-flex\">\n<div class=\"wp-block-column is-layout-flow wp-block-column-is-layout-flow\" style=\"flex-basis:66.66%\">\n<h1 class=\"wp-block-heading\">Albercas<\/h1>\n\n\n\n<figure class=\"wp-block-image size-large\"><img loading=\"lazy\" decoding=\"async\" width=\"1024\" height=\"1024\" src=\"http:\/\/clubcampestretampico.com.mx\/wp-content\/uploads\/2023\/08\/003_Instalaciones_Alberca-1024x1024.jpg\" alt=\"\" class=\"wp-image-538\" srcset=\"https:\/\/clubcampestretampico.com.mx\/wp-content\/uploads\/2023\/08\/003_Instalaciones_Alberca-1024x1024.jpg 1024w, https:\/\/clubcampestretampico.com.mx\/wp-content\/uploads\/2023\/08\/003_Instalaciones_Alberca-300x300.jpg 300w, https:\/\/clubcampestretampico.com.mx\/wp-content\/uploads\/2023\/08\/003_Instalaciones_Alberca-150x150.jpg 150w, https:\/\/clubcampestretampico.com.mx\/wp-content\/uploads\/2023\/08\/003_Instalaciones_Alberca-768x768.jpg 768w, https:\/\/clubcampestretampico.com.mx\/wp-content\/uploads\/2023\/08\/003_Instalaciones_Alberca-100x100.jpg 100w, https:\/\/clubcampestretampico.com.mx\/wp-content\/uploads\/2023\/08\/003_Instalaciones_Alberca.jpg 1204w\" sizes=\"auto, (max-width: 767px) 89vw, (max-width: 1000px) 54vw, (max-width: 1071px) 543px, 580px\" \/><\/figure>\n<\/div>\n\n\n\n<div class=\"wp-block-column is-layout-flow wp-block-column-is-layout-flow\" style=\"flex-basis:33.33%\">\n<p class=\"justificado\">Sum\u00e9rjase en un oasis de relajaci\u00f3n y diversi\u00f3n en nuestras tres deslumbrantes albercas. Lo invitamos a disfrutar en nuestras tumbonas de un refrescante escape en un entorno tropical dise\u00f1ado para rejuvenecer cuerpo y mente. Descubra el placer de un d\u00eda tranquilo y hermosas vistas.<\/p>\n\n\n\n<figure class=\"wp-block-table is-style-stripes has-small-font-size\"><table><thead><tr><th><mark style=\"background-color:rgba(0, 0, 0, 0);color:#0c5426\" class=\"has-inline-color\"><strong>+ Informaci\u00f3n:<\/strong><\/mark><\/th><th class=\"has-text-align-center\" data-align=\"center\"><\/th><\/tr><\/thead><tbody><tr><td>Lunes a s\u00e1bado<\/td><td class=\"has-text-align-center\" data-align=\"center\">5 a 22h<\/td><\/tr><tr><td>Domingo<\/td><td class=\"has-text-align-center\" data-align=\"center\">5 a 21:30h<\/td><\/tr><tr><td>Contacto:<\/td><td class=\"has-text-align-center\" data-align=\"center\">\n<a href=\"mailto:\" target=\"_blank\" rel=\"noreferrer noopener\"><i class=\"fa-solid fa-envelope fa-lg\"><\/i><\/a><\/td><\/tr><\/tbody><\/table><\/figure>\n\n\n\n<div class=\"wp-block-buttons is-layout-flex wp-block-buttons-is-layout-flex\">\n<div class=\"wp-block-button has-custom-width wp-block-button__width-100 has-custom-font-size is-style-outline has-small-font-size is-style-outline--4\"><a class=\"wp-block-button__link has-text-align-center wp-element-button\" href=\"http:\/\/clubcampestretampico.com.mx\/wp-content\/uploads\/2023\/08\/Horarios_Vertical_Deportivos.jpg\" target=\"_blank\" rel=\"noreferrer noopener\">Descargar horarios<\/a><\/div>\n<\/div>\n<\/div>\n<\/div>\n\n\n\n<div class=\"wp-block-columns is-layout-flex wp-container-core-columns-is-layout-9d6595d7 wp-block-columns-is-layout-flex\">\n<div class=\"wp-block-column is-layout-flow wp-block-column-is-layout-flow\" style=\"flex-basis:66.66%\">\n<h1 class=\"wp-block-heading\">Tenis<\/h1>\n\n\n\n<figure class=\"wp-block-image size-large\"><img loading=\"lazy\" decoding=\"async\" width=\"1024\" height=\"1024\" src=\"http:\/\/clubcampestretampico.com.mx\/wp-content\/uploads\/2023\/08\/003_Instalaciones_Tenis-1-1024x1024.jpg\" alt=\"\" class=\"wp-image-537\" srcset=\"https:\/\/clubcampestretampico.com.mx\/wp-content\/uploads\/2023\/08\/003_Instalaciones_Tenis-1-1024x1024.jpg 1024w, https:\/\/clubcampestretampico.com.mx\/wp-content\/uploads\/2023\/08\/003_Instalaciones_Tenis-1-300x300.jpg 300w, https:\/\/clubcampestretampico.com.mx\/wp-content\/uploads\/2023\/08\/003_Instalaciones_Tenis-1-150x150.jpg 150w, https:\/\/clubcampestretampico.com.mx\/wp-content\/uploads\/2023\/08\/003_Instalaciones_Tenis-1-768x768.jpg 768w, https:\/\/clubcampestretampico.com.mx\/wp-content\/uploads\/2023\/08\/003_Instalaciones_Tenis-1-100x100.jpg 100w, https:\/\/clubcampestretampico.com.mx\/wp-content\/uploads\/2023\/08\/003_Instalaciones_Tenis-1.jpg 1204w\" sizes=\"auto, (max-width: 767px) 89vw, (max-width: 1000px) 54vw, (max-width: 1071px) 543px, 580px\" \/><\/figure>\n<\/div>\n\n\n\n<div class=\"wp-block-column is-layout-flow wp-block-column-is-layout-flow\" style=\"flex-basis:33.33%\">\n<p class=\"justificado\">Viva la emoci\u00f3n de jugar en nuestras 4 canchas de tenis, donde la competencia y la diversi\u00f3n se unen en un entorno excepcional. Ya sea que sean jugadores principiantes o experimentados, encontrar\u00e1n un lugar donde perfeccionar su juego y desafiar a sus oponentes. Experimente la adrenalina  y la satisfacci\u00f3n de jugar tenis en un entorno que superar\u00e1 todas sus expectativas.<\/p>\n\n\n\n<figure class=\"wp-block-table is-style-stripes has-small-font-size\"><table><thead><tr><th><mark style=\"background-color:rgba(0, 0, 0, 0);color:#0c5426\" class=\"has-inline-color\"><strong>+ Informaci\u00f3n:<\/strong><\/mark><\/th><th class=\"has-text-align-center\" data-align=\"center\"><\/th><\/tr><\/thead><tbody><tr><td>Lunes a s\u00e1bado<\/td><td class=\"has-text-align-center\" data-align=\"center\">7 a 22:30h<\/td><\/tr><tr><td>Domingo<\/td><td class=\"has-text-align-center\" data-align=\"center\">7 a 18h<\/td><\/tr><tr><td>Contacto:<\/td><td class=\"has-text-align-center\" data-align=\"center\">\n<a href=\"mailto:\" target=\"_blank\" rel=\"noreferrer noopener\"><i class=\"fa-solid fa-envelope fa-lg\"><\/i><\/a><\/td><\/tr><\/tbody><\/table><\/figure>\n\n\n\n<div class=\"wp-block-buttons is-layout-flex wp-block-buttons-is-layout-flex\">\n<div class=\"wp-block-button has-custom-width wp-block-button__width-100 has-custom-font-size is-style-outline has-small-font-size is-style-outline--5\"><a class=\"wp-block-button__link has-text-align-center wp-element-button\" href=\"http:\/\/clubcampestretampico.com.mx\/wp-content\/uploads\/2023\/08\/Horarios_Vertical_Deportivos.jpg\" target=\"_blank\" rel=\"noreferrer noopener\">Descargar horarios<\/a><\/div>\n<\/div>\n<\/div>\n<\/div>\n","protected":false},"excerpt":{"rendered":"<p>Gimnasio Eleve su rutina de fitness al siguiente nivel en el gym del club. Este espacio est\u00e1 dise\u00f1ado para transformar sus objetivos de salud en realidades. Nuestro gimnasio cuenta con, entrenadores expertos y un ambiente motivador que les impulsar\u00e1 a superar sus l\u00edmites. \u00a1Venga por una vida m\u00e1s saludable y activa!\u00bb + Informaci\u00f3n: Lunes a &hellip; <\/p>\n<p class=\"link-more\"><a href=\"https:\/\/clubcampestretampico.com.mx\/index.php\/instalaciones\/\" class=\"more-link\">Continuar leyendo<span class=\"screen-reader-text\"> \u00abInstalaciones\u00bb<\/span><\/a><\/p>\n","protected":false},"author":1,"featured_media":79,"parent":0,"menu_order":0,"comment_status":"closed","ping_status":"closed","template":"","meta":{"_uag_custom_page_level_css":"","footnotes":""},"class_list":["post-56","page","type-page","status-publish","has-post-thumbnail","hentry"],"uagb_featured_image_src":{"full":["https:\/\/clubcampestretampico.com.mx\/wp-content\/uploads\/2023\/07\/002_Instalaciones.jpg",2000,1200,false],"thumbnail":["https:\/\/clubcampestretampico.com.mx\/wp-content\/uploads\/2023\/07\/002_Instalaciones-150x150.jpg",150,150,true],"medium":["https:\/\/clubcampestretampico.com.mx\/wp-content\/uploads\/2023\/07\/002_Instalaciones-300x180.jpg",300,180,true],"medium_large":["https:\/\/clubcampestretampico.com.mx\/wp-content\/uploads\/2023\/07\/002_Instalaciones-768x461.jpg",525,315,true],"large":["https:\/\/clubcampestretampico.com.mx\/wp-content\/uploads\/2023\/07\/002_Instalaciones-1024x614.jpg",525,315,true],"1536x1536":["https:\/\/clubcampestretampico.com.mx\/wp-content\/uploads\/2023\/07\/002_Instalaciones-1536x922.jpg",1536,922,true],"2048x2048":["https:\/\/clubcampestretampico.com.mx\/wp-content\/uploads\/2023\/07\/002_Instalaciones.jpg",2000,1200,false],"twentyseventeen-featured-image":["https:\/\/clubcampestretampico.com.mx\/wp-content\/uploads\/2023\/07\/002_Instalaciones.jpg",2000,1200,false],"twentyseventeen-thumbnail-avatar":["https:\/\/clubcampestretampico.com.mx\/wp-content\/uploads\/2023\/07\/002_Instalaciones-100x100.jpg",100,100,true]},"uagb_author_info":{"display_name":"admin","author_link":"https:\/\/clubcampestretampico.com.mx\/index.php\/author\/ctc\/"},"uagb_comment_info":0,"uagb_excerpt":"Gimnasio Eleve su rutina de fitness al siguiente nivel en el gym del club. Este espacio est\u00e1 dise\u00f1ado para transformar sus objetivos de salud en realidades. Nuestro gimnasio cuenta con, entrenadores expertos y un ambiente motivador que les impulsar\u00e1 a superar sus l\u00edmites. \u00a1Venga por una vida m\u00e1s saludable y activa!\u00bb + Informaci\u00f3n: Lunes a&hellip;","_links":{"self":[{"href":"https:\/\/clubcampestretampico.com.mx\/index.php\/wp-json\/wp\/v2\/pages\/56","targetHints":{"allow":["GET"]}}],"collection":[{"href":"https:\/\/clubcampestretampico.com.mx\/index.php\/wp-json\/wp\/v2\/pages"}],"about":[{"href":"https:\/\/clubcampestretampico.com.mx\/index.php\/wp-json\/wp\/v2\/types\/page"}],"author":[{"embeddable":true,"href":"https:\/\/clubcampestretampico.com.mx\/index.php\/wp-json\/wp\/v2\/users\/1"}],"replies":[{"embeddable":true,"href":"https:\/\/clubcampestretampico.com.mx\/index.php\/wp-json\/wp\/v2\/comments?post=56"}],"version-history":[{"count":23,"href":"https:\/\/clubcampestretampico.com.mx\/index.php\/wp-json\/wp\/v2\/pages\/56\/revisions"}],"predecessor-version":[{"id":619,"href":"https:\/\/clubcampestretampico.com.mx\/index.php\/wp-json\/wp\/v2\/pages\/56\/revisions\/619"}],"wp:featuredmedia":[{"embeddable":true,"href":"https:\/\/clubcampestretampico.com.mx\/index.php\/wp-json\/wp\/v2\/media\/79"}],"wp:attachment":[{"href":"https:\/\/clubcampestretampico.com.mx\/index.php\/wp-json\/wp\/v2\/media?parent=56"}],"curies":[{"name":"wp","href":"https:\/\/api.w.org\/{rel}","templated":true}]}}